{"id":385,"date":"2021-12-09T01:04:00","date_gmt":"2021-12-09T01:04:00","guid":{"rendered":"https:\/\/w344a1.smart-net.at\/?page_id=385"},"modified":"2021-12-22T13:46:18","modified_gmt":"2021-12-22T13:46:18","slug":"datenschutz","status":"publish","type":"page","link":"https:\/\/eliserichter.net\/index.php\/datenschutz\/","title":{"rendered":"Datenschutz"},"content":{"rendered":"\n<h3 class=\"has-text-align-center wp-block-heading\">Privacy Policy<\/h3>\n\n\n\n<p>\n<\/p>\n\n\n\n<p style=\"font-size:16px\">Diese Datenschutzerkl\u00e4rung beschreibt wie das Elise-Richter Netzwerk, ZVR-Zahl: 1935633188 (\u201ewir\u201c) personenbezogene Daten von<br>a. bestehenden, ehemaligen und potenziellen Mitgliedern und Funktion\u00e4ren, und<br>b. Interessenten (einschlie\u00dflich Nutzern unserer Website) verarbeitet.<\/p>\n\n\n\n<ol class=\"wp-block-list\" start=\"1\" style=\"font-size:16px\"><li>Zwecke der Datenverarbeitung<br>Wir werden Ihre personenbezogenen Daten zu folgenden Zwecken verarbeiten:<br>a. Erf\u00fcllung des Vereinszwecks gem\u00e4\u00df unserer Vereinsstatuten, insbesondere bei der Aus\u00fcbung der Vereinst\u00e4tigkeiten;<br>b. Organisation von Veranstaltungen und Events;<br>c. Zurverf\u00fcgungstellung unserer Website einschlie\u00dflich aller damit verbundenen Dienstleistungen;<br>d. weitere Verbesserung und Entwicklung unserer Website;<br>e. Erstellung von Nutzungsstatistiken unserer Website;<br>f. Erkennen, Verhindern und Untersuchen von Angriffen auf unsere Website;<br>g. Zusendung von Informationen (zB Newsletter).<\/li><li>Verarbeitete Datenkategorien<br>Es besteht keine Verpflichtung, uns die personenbezogenen Daten, um die wir Sie bitten, zur Verf\u00fcgung zu stellen. Wenn Sie dies jedoch nicht tun, wird es Ihnen nicht m\u00f6glich sein,<br>a. eine Mitgliedschaft bei uns abzuschlie\u00dfen oder eine Funktion\u00e4rst\u00e4tigkeit bei uns auszu\u00fcben;<br>b. alle Funktionen der Website zu nutzen (insbesondere k\u00f6nnen wir Ihre Anfragen nicht bearbeiten).<br>Sollte die Bereitstellung Ihrer personenbezogenen Daten gesetzlich verpflichtend sein, werden wir Sie gesondert darauf hinweisen.<br>-. Mitglieder und Funktion\u00e4re:<br>Wir verarbeiten folgende Kategorien Ihrer personenbezogenen Daten:<br>a. Stammdaten (zB Name, Adresse, Kontaktdaten);<br>b. Daten im Zusammenhang mit der Mitgliedschaft (zB Eintrittsdatum, Beitr\u00e4ge, Aktivit\u00e4ten im Verein) und<br>c. Daten im Zusammenhang mit einer allf\u00e4lligen Funktion\u00e4rst\u00e4tigkeit (zB Funktionsbeschreibung, Aktivit\u00e4t in dieser Funktion, Beginn und Ende der T\u00e4tigkeit).<br>-. Websitebenutzer:<br>Im Zuge Ihres Besuches unserer Website werden folgende Kategorien Ihrer personenbezogenen Daten erhoben werden:<br>a. das Datum und die Uhrzeit des Aufrufs einer Seite auf unserer Website;<br>b. Ihre IP-Adresse;<br>c. Name und Version Ihres Web-Browsers;<br>d. die Webseite (URL), die Sie vor dem Aufruf unserer Website besucht haben;<br>e. bestimmte Cookies (siehe Punkt 6 unten);<br>f. von Ihnen verwendete Nutzerkennung und Passwort; und<br>g. jene Informationen, die Sie selbst, etwa durch Eingabe in Formularen auf unserer Website, zur Verf\u00fcgung stellen (zB Feedback zur Website).<\/li><li>Rechtsgrundlagen der Verarbeitung<br>Wir verarbeiten Ihre personenbezogenen Daten auf der Grundlage<br>a. unseres \u00fcberwiegenden berechtigten Interesses (Art 6 Abs 1 lit f DSGVO Datenschutz-Grundverordnung (\u201eDSGVO\u201c)), welches darin besteht, Ihre Mitgliedschaft zu verwalten, unsere Dienstleistungen auf effiziente Art und Weise zur Verf\u00fcgung zu stellen; oder<br>b. der Erf\u00fcllung eines mit Ihnen geschlossenen Vertrages oder der Durchf\u00fchrung vorvertraglicher Ma\u00dfnahmen, soweit hierf\u00fcr erforderlich und soweit ein Mitgliedschaftsverh\u00e4ltnis auf Grundlage unserer Vereinsstatuten besteht bzw Sie ein Interessent sind oder eine sonstige Gesch\u00e4ftsbeziehung besteht (Art 6 Abs 1 lit b DSGVO); oder<br>c. der Notwendigkeit der Erf\u00fcllung von rechtlichen Pflichten, denen wir unterliegen (Art 6 Abs 1 lit c DSGVO).<\/li><li>\u00dcbermittlung Ihrer personenbezogenen Daten<br>Sofern dies zu den oben genannten Zwecken erforderlich ist, werden wir Ihre personenbezogenen Daten an folgende Kategorien von Empf\u00e4ngern \u00fcbermitteln:<br>a. Verwaltungsbeh\u00f6rden, Gerichte und K\u00f6rperschaften des \u00f6ffentlichen Rechtes,<br>b. Veranstalter von Vortr\u00e4gen zu Themen, die f\u00fcr Mitglieder des Vereins potenziell von Interesse sind (zB Universit\u00e4ten oder private Veranstaltungsanbieter),<br>c. von uns eingesetzte IT-Dienstleister sowie sonstige Dienstleister,<br>d. Wirtschaftstreuh\u00e4nder f\u00fcr Zwecke der Buchf\u00fchrung und Bilanzierung bzw Abschluss-\/Rechnungspr\u00fcfung,<br>e. Mitglieder, soweit es sich um Daten der Gesellschafter, Organe und sonstigen Mitarbeiter des jeweiligen Mitglieds handelt, und<br>f. Kooperationspartner.<\/li><li>Dauer der Speicherung<br>Wir speichern Ihre personenbezogenen Daten<br>a. bis zur Beendigung der Mitgliedschaft oder unserer Gesch\u00e4ftsbeziehung, im Rahmen derer wir ihre Daten erhoben haben, oder<br>b. im Rahmen der automatisch von der Website des Vereins gesammelten Daten f\u00fcr eine Dauer von drei Monaten oder<br>c. solange es erforderlich ist, Angriffe auf unsere Website zu untersuchen oder<br>d. gesetzliche Aufbewahrungspflichten bestehen oder etwaige rechtliche Anspr\u00fcche noch nicht verj\u00e4hrt sind, zu deren Geltendmachung oder deren Verteidigung die personenbezogenen Daten ben\u00f6tigt werden.<\/li><li>Cookies<br>Zur Verbesserung des Betriebs unserer Websites greifen wir auf \u201eCookies\u201c zur\u00fcck. Cookies sind kleine Textdateien, die auf Ihrem Computer gespeichert werden k\u00f6nnen, wenn Sie eine Website besuchen. Grunds\u00e4tzlich werden Cookies verwendet, um Nutzern zus\u00e4tzliche Funktionen auf einer Website zu bieten. Cookies k\u00f6nnen auf keine anderen Daten auf Ihrem Computer zugreifen, diese lesen oder ver\u00e4ndern.<br>Wir verwenden Cookies, die<br>a. wieder gel\u00f6scht werden, wenn Sie Ihren Browser schlie\u00dfen (SessionCookies),<br>b. auch nach dem Schlie\u00dfen Ihres Browsers auf Ihrem Endger\u00e4t gespeichert bleiben (permanente Cookies),<br>c. von uns (First Party-Cookies) oder von Drittanbietern (Third PartyCookies) stammen.<br>\u00dcber unsere Cookies verarbeiten wir Daten auf den folgenden rechtlichen Grundlagen und f\u00fcr die folgenden Zwecke:<br>e. Cookies, die unbedingt erforderlich daf\u00fcr sind, dass unsere Websites funktionieren, setzen wir auf gesetzlicher Grundlage ein.<br>f. Alle weiteren Cookies setzen wir auf Basis Ihrer Einwilligung ein.<br>Um Ihre Einwilligung zu widerrufen oder auf gewisse Cookies einzuschr\u00e4nken, haben Sie insbesondere folgende M\u00f6glichkeiten:<br>g. Verwenden Sie die Einstellungen Ihres Browsers. Details dazu finden Sie in der Hilfe-Funktion Ihres Browsers (zumeist aufrufbar \u00fcber die F1-Taste Ihrer Tastatur).<br>h. Sie k\u00f6nnen unter http:\/\/www.youronlinechoices.com\/uk\/your-adchoices analysieren lassen, welche Cookies bei Ihnen verwendet werden und diese einzeln oder gesamt deaktivieren lassen. Es handelt sich dabei um ein Angebot der European Interactive Digital Advertising Alliance.<br>Der Widerruf Ihrer Einwilligung hat keinen Einfluss auf die Rechtm\u00e4\u00dfigkeit der Verarbeitung, die vor ihrem Widerruf aufgrund Ihrer Einwilligung erfolgt ist.<br>Bitte beachten Sie, dass die Funktionsf\u00e4higkeit unserer Websites eingeschr\u00e4nkt sein kann, wenn Sie Ihre Einwilligung widerrufen oder einschr\u00e4nken.<br>Die von uns verwendeten Cookies im Detail:<br>Session Cookies (WordPress)<br>Comments Cookies (WordPress)<\/li><li>Ihre Rechte im Zusammenhang mit personenbezogenen Daten<br>Nach geltendem Recht sind Sie dazu berechtigt (wenn die jeweiligen Voraussetzungen des anwendbaren Rechts erf\u00fcllt sind),<br>a. Best\u00e4tigung dar\u00fcber zu verlangen, ob und welche Ihrer personenbezogenen Daten wir verarbeiten und Kopien dieser Daten zu erhalten,<br>b. die Berichtigung oder L\u00f6schung Ihrer personenbezogenen Daten zu verlangen,<br>c. von uns zu verlangen, die Verarbeitung Ihrer personenbezogenen Daten einzuschr\u00e4nken,<br>d. der Verarbeitung Ihrer personenbezogenen Daten zu widersprechen,<br>e. die gegebenenfalls f\u00fcr die Verarbeitung zuvor erteilte Einwilligung zu widerrufen (der Widerruf Ihrer Einwilligung hat keinen Einfluss auf die Rechtm\u00e4\u00dfigkeit der Verarbeitung, die vor ihrem Widerruf aufgrund Ihrer Einwilligung erfolgt ist),<br>f. Daten\u00fcbertragbarkeit zu verlangen, und<br>g. bei der Datenschutzbeh\u00f6rde Beschwerde zu erheben.<\/li><li>Unsere Kontaktdaten<br>Sollten Sie zu der Verarbeitung Ihrer personenbezogenen Daten Fragen<br>oder Anliegen haben, wenden Sie sich bitte an uns:<br>Elise-Richter-Netzwerk, contact@eliserichter.net<br>Zuletzt aktualisiert am 6.12.2021.<\/li><\/ol>\n","protected":false},"excerpt":{"rendered":"<p>Privacy Policy Diese Datenschutzerkl\u00e4rung beschreibt wie das Elise-Richter Netzwerk, ZVR-Zahl: 1935633188 (\u201ewir\u201c) personenbezogene Daten vona. bestehenden, ehemaligen und potenziellen Mitgliedern<\/p>\n<p><a href=\"https:\/\/eliserichter.net\/index.php\/datenschutz\/\" class=\"more-link\">Continue reading<span class=\"screen-reader-text\">Datenschutz<\/span><\/a><\/p>\n","protected":false},"author":5,"featured_media":0,"parent":0,"menu_order":0,"comment_status":"closed","ping_status":"closed","template":"","meta":{"footnotes":""},"class_list":["post-385","page","type-page","status-publish","hentry"],"uagb_featured_image_src":{"full":false,"thumbnail":false,"medium":false,"medium_large":false,"large":false,"1536x1536":false,"2048x2048":false,"post-thumbnail":false,"wen-travel-archive":false,"wen-travel-slider":false},"uagb_author_info":{"display_name":"Gregor K\u00e4fer","author_link":"https:\/\/eliserichter.net\/index.php\/author\/gkaefer\/"},"uagb_comment_info":0,"uagb_excerpt":"Privacy Policy Diese Datenschutzerkl\u00e4rung beschreibt wie das Elise-Richter Netzwerk, ZVR-Zahl: 1935633188 (\u201ewir\u201c) personenbezogene Daten vona. bestehenden, ehemaligen und potenziellen MitgliedernContinue readingDatenschutz","_links":{"self":[{"href":"https:\/\/eliserichter.net\/index.php\/wp-json\/wp\/v2\/pages\/385","targetHints":{"allow":["GET"]}}],"collection":[{"href":"https:\/\/eliserichter.net\/index.php\/wp-json\/wp\/v2\/pages"}],"about":[{"href":"https:\/\/eliserichter.net\/index.php\/wp-json\/wp\/v2\/types\/page"}],"author":[{"embeddable":true,"href":"https:\/\/eliserichter.net\/index.php\/wp-json\/wp\/v2\/users\/5"}],"replies":[{"embeddable":true,"href":"https:\/\/eliserichter.net\/index.php\/wp-json\/wp\/v2\/comments?post=385"}],"version-history":[{"count":5,"href":"https:\/\/eliserichter.net\/index.php\/wp-json\/wp\/v2\/pages\/385\/revisions"}],"predecessor-version":[{"id":949,"href":"https:\/\/eliserichter.net\/index.php\/wp-json\/wp\/v2\/pages\/385\/revisions\/949"}],"wp:attachment":[{"href":"https:\/\/eliserichter.net\/index.php\/wp-json\/wp\/v2\/media?parent=385"}],"curies":[{"name":"wp","href":"https:\/\/api.w.org\/{rel}","templated":true}]}}